{"id":100,"date":"2026-03-09T16:11:57","date_gmt":"2026-03-09T15:11:57","guid":{"rendered":"https:\/\/almoa.aau.at\/?page_id=100"},"modified":"2026-03-09T16:14:40","modified_gmt":"2026-03-09T15:14:40","slug":"legal-notice","status":"publish","type":"page","link":"https:\/\/almoa.aau.at\/?page_id=100","title":{"rendered":"Legal Notice"},"content":{"rendered":"<p>Universit\u00e4t Klagenfurt<br \/>\nDepartment of Mathematics<br \/>\nUniversit\u00e4tsstr. 65-67<br \/>\n9020 Klagenfurt am W\u00f6rthersee<br \/>\n\u00d6sterreich<\/p>\n<p>Coordinator: Angelika Wiegele<br \/>\nProject Manager: Johannes Schmucker<br \/>\nWebhosting: Universit\u00e4t Klagenfurt<\/p>\n<p>Site content:<\/p>\n<p>We do our best to keep this site accurate and available, but it\u2019s<br \/>\nprovided as\u2011is. We can\u2019t promise everything will always be perfect,<br \/>\nup\u2011to\u2011date, or error\u2011free, and we don\u2019t make any guarantees or<br \/>\nwarranties. Please use the information at your own discretion.<\/p>\n","protected":false},"excerpt":{"rendered":"<p>Universit\u00e4t Klagenfurt Department of Mathematics Universit\u00e4tsstr. 65-67 9020 Klagenfurt am W\u00f6rthersee \u00d6sterreich Coordinator: Angelika Wiegele Project Manager: Johannes Schmucker Webhosting: Universit\u00e4t Klagenfurt Site content: We do our best to keep this site accurate and available, but it\u2019s provided as\u2011is. We can\u2019t promise everything will always be perfect, up\u2011to\u2011date, or error\u2011free, [&hellip;]<\/p>\n","protected":false},"author":3,"featured_media":0,"parent":0,"menu_order":0,"comment_status":"closed","ping_status":"closed","template":"","meta":{"_crdt_document":"","footnotes":""},"class_list":["post-100","page","type-page","status-publish","hentry"],"_links":{"self":[{"href":"https:\/\/almoa.aau.at\/index.php?rest_route=\/wp\/v2\/pages\/100","targetHints":{"allow":["GET"]}}],"collection":[{"href":"https:\/\/almoa.aau.at\/index.php?rest_route=\/wp\/v2\/pages"}],"about":[{"href":"https:\/\/almoa.aau.at\/index.php?rest_route=\/wp\/v2\/types\/page"}],"author":[{"embeddable":true,"href":"https:\/\/almoa.aau.at\/index.php?rest_route=\/wp\/v2\/users\/3"}],"replies":[{"embeddable":true,"href":"https:\/\/almoa.aau.at\/index.php?rest_route=%2Fwp%2Fv2%2Fcomments&post=100"}],"version-history":[{"count":2,"href":"https:\/\/almoa.aau.at\/index.php?rest_route=\/wp\/v2\/pages\/100\/revisions"}],"predecessor-version":[{"id":708,"href":"https:\/\/almoa.aau.at\/index.php?rest_route=\/wp\/v2\/pages\/100\/revisions\/708"}],"wp:attachment":[{"href":"https:\/\/almoa.aau.at\/index.php?rest_route=%2Fwp%2Fv2%2Fmedia&parent=100"}],"curies":[{"name":"wp","href":"https:\/\/api.w.org\/{rel}","templated":true}]}}