{"id":215,"date":"2026-02-11T09:43:35","date_gmt":"2026-02-11T09:43:35","guid":{"rendered":"https:\/\/almoa.aau.at\/?page_id=43"},"modified":"2026-03-13T14:22:22","modified_gmt":"2026-03-13T13:22:22","slug":"almoa-supervisory-board","status":"publish","type":"page","link":"https:\/\/almoa.aau.at\/?page_id=215","title":{"rendered":"ALMOA Supervisory Board"},"content":{"rendered":"<div class=\"el-h2\">\n<h2 dir=\"auto\" style=\"text-align: left;\" data-heading=\"Beneficiaries\">Beneficiaries<\/h2>\n<\/div>\n<div class=\"el-table\" dir=\"auto\" style=\"text-align: left;\">\n<table style=\"height: 403px;\" width=\"635\">\n<thead>\n<tr>\n<th dir=\"ltr\">Name<\/th>\n<th dir=\"ltr\">Organization<\/th>\n<\/tr>\n<\/thead>\n<tbody>\n<tr>\n<td dir=\"ltr\"><a href=\"https:\/\/www.aau.at\/team\/wiegele-angelika\/\">Angelika Wiegele<\/a> (Chair)<\/td>\n<td dir=\"ltr\">University of Klagenfurt<\/td>\n<\/tr>\n<tr>\n<td dir=\"ltr\"><a href=\"https:\/\/www.cnr.it\/it\/mobilita-breve-durata\/da-cnr-a-universita-istitutizioni-ricerca-estere\/2014-806\/claudio-gentile\">Claudio Gentile<\/a><\/td>\n<td dir=\"ltr\">IASI CNR Rome<\/td>\n<\/tr>\n<tr>\n<td dir=\"ltr\"><a href=\"https:\/\/www.lix.polytechnique.fr\/Labo\/Claudia.D'Ambrosio\/\">Claudia D\u2019Ambrosio<\/a><\/td>\n<td dir=\"ltr\">CNRS<\/td>\n<\/tr>\n<tr>\n<td dir=\"ltr\"><a href=\"https:\/\/orcid.org\/0000-0002-9943-3572\">Wim Van Ackooij<\/a><\/td>\n<td dir=\"ltr\">\u00c9lectricit\u00e9 de France<\/td>\n<\/tr>\n<tr>\n<td dir=\"ltr\"><a href=\"https:\/\/www.datascience.nat.fau.eu\/research\/groups\/ouda\/members\/frauke-liers\/\">Frauke Liers<\/a><\/td>\n<td dir=\"ltr\">FAU Erlangen-N\u00fcrnberg<\/td>\n<\/tr>\n<tr>\n<td dir=\"ltr\">Samuela Carosi<\/td>\n<td dir=\"ltr\">M.A.I.O.R.<\/td>\n<\/tr>\n<tr>\n<td dir=\"ltr\"><a href=\"https:\/\/homepages.cwi.nl\/~dadush\/\">Daniel Dadush<\/a><\/td>\n<td dir=\"ltr\">CWI<\/td>\n<\/tr>\n<tr>\n<td dir=\"ltr\"><a href=\"https:\/\/research.tilburguniversity.edu\/en\/persons\/etienne-de-klerk\/\">Etienne de Klerk<\/a><\/td>\n<td dir=\"ltr\">Tilburg University<\/td>\n<\/tr>\n<tr>\n<td dir=\"ltr\"><a href=\"https:\/\/diamhomes.ewi.tudelft.nl\/~fmario\/\">Fernando de Oliveira<\/a><\/td>\n<td dir=\"ltr\">TU Delft<\/td>\n<\/tr>\n<tr>\n<td dir=\"ltr\"><a href=\"https:\/\/wwwold.mathematik.tu-dortmund.de\/de\/personen\/person\/Christoph+Buchheim.html\">Christoph Buchheim<\/a><\/td>\n<td dir=\"ltr\">TU Dortmund University<\/td>\n<\/tr>\n<tr>\n<td dir=\"ltr\"><a href=\"https:\/\/www.math.uni-heidelberg.de\/de\/abteilungen\/numerik-optimierung-und-scientific-machine-learning\">Ekaterina Kostina<\/a><\/td>\n<td dir=\"ltr\">Heidelberg University<\/td>\n<\/tr>\n<tr>\n<td dir=\"ltr\"><a href=\"https:\/\/www.unibo.it\/sitoweb\/enrico.malaguti\/en\">Enrico Malaguti<\/a><\/td>\n<td dir=\"ltr\">University of Bologna<\/td>\n<\/tr>\n<tr>\n<td dir=\"ltr\"><a href=\"https:\/\/www.mi.uni-koeln.de\/opt\/frank-vallentin\/\">Frank Vallentin<\/a><\/td>\n<td dir=\"ltr\">University of Cologne<\/td>\n<\/tr>\n<\/tbody>\n<\/table>\n<\/div>\n<div class=\"el-h2\" style=\"text-align: left;\">\n<h2 dir=\"auto\" style=\"text-align: left;\" data-heading=\"Associated Partners\">Associated Partners<\/h2>\n<\/div>\n<div class=\"el-table\" dir=\"auto\" style=\"text-align: left;\">\n<table style=\"height: 242px;\" width=\"643\">\n<thead>\n<tr>\n<th dir=\"ltr\">Name<\/th>\n<th dir=\"ltr\">Organization<\/th>\n<\/tr>\n<\/thead>\n<tbody>\n<tr>\n<td dir=\"ltr\">Michael Epping<\/td>\n<td dir=\"ltr\">DLR<\/td>\n<\/tr>\n<tr>\n<td dir=\"ltr\">Erling Andersen<\/td>\n<td dir=\"ltr\">Mosek ApS<\/td>\n<\/tr>\n<tr>\n<td dir=\"ltr\">Andrea Bettinelli<\/td>\n<td dir=\"ltr\">Optit Srl<\/td>\n<\/tr>\n<tr>\n<td dir=\"ltr\">Ivo Hedtke<\/td>\n<td dir=\"ltr\">DSV<\/td>\n<\/tr>\n<tr>\n<td dir=\"ltr\">Kurt Majewski<\/td>\n<td dir=\"ltr\">Siemens AG<\/td>\n<\/tr>\n<tr>\n<td dir=\"ltr\"><a href=\"https:\/\/www.lix.polytechnique.fr\/Labo\/Claudia.D'Ambrosio\/\">Claudia D\u2019Ambrosio<\/a><\/td>\n<td dir=\"ltr\">Institut Polytechnique de Paris<\/td>\n<\/tr>\n<tr>\n<td dir=\"ltr\"><a href=\"https:\/\/www.oliveira.mat.br\/\">Welington De Oliveira<\/a><\/td>\n<td dir=\"ltr\">Universite Paris Sciences et Lettres<\/td>\n<\/tr>\n<tr>\n<td dir=\"ltr\"><a href=\"https:\/\/pages.di.unipi.it\/frangio\/\">Antonio Frangioni<\/a><\/td>\n<td dir=\"ltr\">Universit\u00e0 di Pisa<\/td>\n<\/tr>\n<tr>\n<td dir=\"ltr\">Veronica Piccialli<\/td>\n<td dir=\"ltr\">Universita degli Studi di Roma la Sapienza<\/td>\n<\/tr>\n<tr>\n<td dir=\"ltr\"><a href=\"https:\/\/homepages.cwi.nl\/~dadush\/\">Daniel Dadush<\/a><\/td>\n<td dir=\"ltr\">Universiteit Utrecht<\/td>\n<\/tr>\n<\/tbody>\n<\/table>\n<\/div>\n<div class=\"el-h2\" style=\"text-align: left;\">\n<h2 dir=\"auto\" style=\"text-align: left;\" data-heading=\"DC representatives\">DC representatives<\/h2>\n<\/div>\n<div class=\"el-table\" dir=\"auto\" style=\"text-align: left;\">\n<table style=\"height: 74px;\" width=\"496\">\n<thead>\n<tr>\n<th dir=\"ltr\">Name<\/th>\n<th dir=\"ltr\">Organization<\/th>\n<\/tr>\n<\/thead>\n<tbody>\n<tr>\n<td dir=\"ltr\">N.N.<\/td>\n<td dir=\"auto\">\u2014<\/td>\n<\/tr>\n<tr>\n<td dir=\"ltr\">N.N.<\/td>\n<td dir=\"auto\">\u2014<\/td>\n<\/tr>\n<tr>\n<td dir=\"ltr\">N.N.<\/td>\n<td dir=\"auto\">\u2014<\/td>\n<\/tr>\n<\/tbody>\n<\/table>\n<\/div>\n","protected":false},"excerpt":{"rendered":"<p>Beneficiaries Name Organization Angelika Wiegele (Chair) University of Klagenfurt Claudio Gentile IASI CNR Rome Claudia D\u2019Ambrosio CNRS Wim Van Ackooij \u00c9lectricit\u00e9 de France Frauke Liers FAU Erlangen-N\u00fcrnberg Samuela Carosi M.A.I.O.R. Daniel Dadush CWI Etienne de Klerk Tilburg University Fernando de Oliveira TU Delft Christoph Buchheim TU Dortmund University Ekaterina Kostina [&hellip;]<\/p>\n","protected":false},"author":3,"featured_media":0,"parent":0,"menu_order":0,"comment_status":"closed","ping_status":"closed","template":"","meta":{"_crdt_document":"","footnotes":""},"class_list":["post-215","page","type-page","status-publish","hentry"],"_links":{"self":[{"href":"https:\/\/almoa.aau.at\/index.php?rest_route=\/wp\/v2\/pages\/215","targetHints":{"allow":["GET"]}}],"collection":[{"href":"https:\/\/almoa.aau.at\/index.php?rest_route=\/wp\/v2\/pages"}],"about":[{"href":"https:\/\/almoa.aau.at\/index.php?rest_route=\/wp\/v2\/types\/page"}],"author":[{"embeddable":true,"href":"https:\/\/almoa.aau.at\/index.php?rest_route=\/wp\/v2\/users\/3"}],"replies":[{"embeddable":true,"href":"https:\/\/almoa.aau.at\/index.php?rest_route=%2Fwp%2Fv2%2Fcomments&post=215"}],"version-history":[{"count":20,"href":"https:\/\/almoa.aau.at\/index.php?rest_route=\/wp\/v2\/pages\/215\/revisions"}],"predecessor-version":[{"id":784,"href":"https:\/\/almoa.aau.at\/index.php?rest_route=\/wp\/v2\/pages\/215\/revisions\/784"}],"wp:attachment":[{"href":"https:\/\/almoa.aau.at\/index.php?rest_route=%2Fwp%2Fv2%2Fmedia&parent=215"}],"curies":[{"name":"wp","href":"https:\/\/api.w.org\/{rel}","templated":true}]}}