{"id":3,"date":"2026-01-29T09:57:28","date_gmt":"2026-01-29T08:57:28","guid":{"rendered":"https:\/\/almoa.aau.at\/?page_id=3"},"modified":"2026-03-09T23:13:15","modified_gmt":"2026-03-09T22:13:15","slug":"datenschutzerklaerung","status":"publish","type":"page","link":"https:\/\/almoa.aau.at\/?page_id=3","title":{"rendered":"Privacy Policy"},"content":{"rendered":"<p><b>Universit\u00e4t Klagenfurt<\/b><br \/>\n<strong>Department of Mathematics<\/strong><br \/>\nUniversit\u00e4tsstra\u00dfe 65-67<br \/>\n9020 Klagenfurt<br \/>\nAustria<\/p>\n<p>This page is hosted on the servers of the University of Klagenfurt. We do not process any of your personal data. When you visit the almoa.aau.at website, your internet browser can automatically transmit personal data to the server of this website. This may be necessary for the general functioning of a website. For details of data handling and data privacy please check <a class=\"alert-link hover\" href=\"https:\/\/www.aau.at\/en\/privacy-policy\">https:\/\/www.aau.at\/en\/privacy-policy<\/a>.<\/p>\n<p>If you have further questions regarding data policy of this website, please contact<\/p>\n<p>Universit\u00e4t Klagenfurt<br \/>\nDepartment of Mathematics<br \/>\nProf. Dr. Angelika Wiegele<br \/>\n<a href=\"mailto:angelika.wiegele@aau.at\">angelika.wiegele@aau.at<\/a><br \/>\nUniversit\u00e4tsstr. 65-67<br \/>\n9020 Klagenfurt am W\u00f6rthersee<br \/>\n\u00d6sterreich<\/p>\n","protected":false},"excerpt":{"rendered":"<p>Universit\u00e4t Klagenfurt Department of Mathematics Universit\u00e4tsstra\u00dfe 65-67 9020 Klagenfurt Austria This page is hosted on the servers of the University of Klagenfurt. We do not process any of your personal data. When you visit the almoa.aau.at website, your internet browser can automatically transmit personal data to the server of this [&hellip;]<\/p>\n","protected":false},"author":1,"featured_media":0,"parent":0,"menu_order":0,"comment_status":"closed","ping_status":"closed","template":"","meta":{"_crdt_document":"","footnotes":""},"class_list":["post-3","page","type-page","status-publish","hentry"],"_links":{"self":[{"href":"https:\/\/almoa.aau.at\/index.php?rest_route=\/wp\/v2\/pages\/3","targetHints":{"allow":["GET"]}}],"collection":[{"href":"https:\/\/almoa.aau.at\/index.php?rest_route=\/wp\/v2\/pages"}],"about":[{"href":"https:\/\/almoa.aau.at\/index.php?rest_route=\/wp\/v2\/types\/page"}],"author":[{"embeddable":true,"href":"https:\/\/almoa.aau.at\/index.php?rest_route=\/wp\/v2\/users\/1"}],"replies":[{"embeddable":true,"href":"https:\/\/almoa.aau.at\/index.php?rest_route=%2Fwp%2Fv2%2Fcomments&post=3"}],"version-history":[{"count":4,"href":"https:\/\/almoa.aau.at\/index.php?rest_route=\/wp\/v2\/pages\/3\/revisions"}],"predecessor-version":[{"id":772,"href":"https:\/\/almoa.aau.at\/index.php?rest_route=\/wp\/v2\/pages\/3\/revisions\/772"}],"wp:attachment":[{"href":"https:\/\/almoa.aau.at\/index.php?rest_route=%2Fwp%2Fv2%2Fmedia&parent=3"}],"curies":[{"name":"wp","href":"https:\/\/api.w.org\/{rel}","templated":true}]}}