{"id":46,"date":"2026-02-16T11:44:16","date_gmt":"2026-02-16T10:44:16","guid":{"rendered":"https:\/\/almoa.aau.at\/?page_id=46"},"modified":"2026-03-09T17:49:06","modified_gmt":"2026-03-09T16:49:06","slug":"external-advisory-board","status":"publish","type":"page","link":"https:\/\/almoa.aau.at\/?page_id=46","title":{"rendered":"External advisory board"},"content":{"rendered":"<p>\nThe External Advisory Board (AB) acts as an independent group for advice and feedback on the project\u2019s strategy, its research progress, training delivery and dissemination\/exploitation. They are leading members of the Mathematical Optimisation community who are well-experienced in training doctoral candidates, have a wide academic and industrial network and have a wide overview of career perspectives in different academic and industrial branches.\n<\/p>\n<p>The Members are:<\/p>\n<p>Pierre Bonami, Gurobi<br \/>\n<a href=\"https:\/\/www.uni-augsburg.de\/de\/fakultaet\/mntf\/math\/prof\/opt\/team\/duer\/\">Mirjam D\u00fcr<\/a>, University of Augsburg<br \/>\n<a href=\"https:\/\/www.andrew.cmu.edu\/user\/fkilinc\/\">Fatma K\u0131l\u0131n\u00e7-Karzan<\/a>, Carnegie Mellon University<br \/>\n<a href=\"https:\/\/tech.cornell.edu\/people\/andrea-lodi\/\">Andrea Lodi<\/a>, Cornell Tech<\/p>\n","protected":false},"excerpt":{"rendered":"<p>The External Advisory Board (AB) acts as an independent group for advice and feedback on the project\u2019s strategy, its research progress, training delivery and dissemination\/exploitation. They are leading members of the Mathematical Optimisation community who are well-experienced in training doctoral candidates, have a wide academic and industrial network and have [&hellip;]<\/p>\n","protected":false},"author":3,"featured_media":0,"parent":0,"menu_order":0,"comment_status":"closed","ping_status":"closed","template":"","meta":{"_crdt_document":"","footnotes":""},"class_list":["post-46","page","type-page","status-publish","hentry"],"_links":{"self":[{"href":"https:\/\/almoa.aau.at\/index.php?rest_route=\/wp\/v2\/pages\/46","targetHints":{"allow":["GET"]}}],"collection":[{"href":"https:\/\/almoa.aau.at\/index.php?rest_route=\/wp\/v2\/pages"}],"about":[{"href":"https:\/\/almoa.aau.at\/index.php?rest_route=\/wp\/v2\/types\/page"}],"author":[{"embeddable":true,"href":"https:\/\/almoa.aau.at\/index.php?rest_route=\/wp\/v2\/users\/3"}],"replies":[{"embeddable":true,"href":"https:\/\/almoa.aau.at\/index.php?rest_route=%2Fwp%2Fv2%2Fcomments&post=46"}],"version-history":[{"count":8,"href":"https:\/\/almoa.aau.at\/index.php?rest_route=\/wp\/v2\/pages\/46\/revisions"}],"predecessor-version":[{"id":737,"href":"https:\/\/almoa.aau.at\/index.php?rest_route=\/wp\/v2\/pages\/46\/revisions\/737"}],"wp:attachment":[{"href":"https:\/\/almoa.aau.at\/index.php?rest_route=%2Fwp%2Fv2%2Fmedia&parent=46"}],"curies":[{"name":"wp","href":"https:\/\/api.w.org\/{rel}","templated":true}]}}